{"id":438,"date":"2024-02-27T20:49:36","date_gmt":"2024-02-27T19:49:36","guid":{"rendered":"https:\/\/sailingteam-west.shop\/?page_id=438"},"modified":"2025-12-10T20:16:22","modified_gmt":"2025-12-10T19:16:22","slug":"home","status":"publish","type":"page","link":"https:\/\/sailingteam-west.shop\/","title":{"rendered":"Home"},"content":{"rendered":"<p>[et_pb_section fb_built=&#8220;1&#8243; _builder_version=&#8220;4.24.2&#8243; _module_preset=&#8220;default&#8220; global_colors_info=&#8220;{}&#8220;][et_pb_row _builder_version=&#8220;4.24.2&#8243; _module_preset=&#8220;default&#8220; min_height=&#8220;10px&#8220; global_colors_info=&#8220;{}&#8220;][et_pb_column type=&#8220;4_4&#8243; _builder_version=&#8220;4.24.2&#8243; _module_preset=&#8220;default&#8220; global_colors_info=&#8220;{}&#8220;][et_pb_heading title=&#8220;Herzlich willkommen in eurem Shop&#8220; _builder_version=&#8220;4.27.4&#8243; _module_preset=&#8220;default&#8220; title_text_align=&#8220;center&#8220; hover_enabled=&#8220;0&#8243; global_colors_info=&#8220;{}&#8220; sticky_enabled=&#8220;0&#8243;][\/et_pb_heading][et_pb_text _builder_version=&#8220;4.27.4&#8243; _module_preset=&#8220;default&#8220; hover_enabled=&#8220;0&#8243; sticky_enabled=&#8220;0&#8243;]<\/p>\n<p style=\"text-align: center;\"><strong>Bestellungen sind noch bis 12.12.2025 m\u00f6glich. Eine sichere Lieferung zu Weihnachten, vorausgesetzt die Ware ist beim Gro\u00dfh\u00e4ndler verf\u00fcgbar, k\u00f6nnen wir aufgrund erh\u00f6hten Paketaufkommen bei DHL nicht gew\u00e4hrleisten.<\/strong><\/p>\n<p>[\/et_pb_text][et_pb_blurb use_icon=&#8220;on&#8220; _builder_version=&#8220;4.26.0&#8243; _module_preset=&#8220;default&#8220; custom_padding=&#8220;||0px|||&#8220; global_colors_info=&#8220;{}&#8220;][\/et_pb_blurb][et_pb_image src=&#8220;https:\/\/sailingteam-west.shop\/wp-content\/uploads\/2024\/03\/Flagge-Team-West-1-e1711548702177.png&#8220; title_text=&#8220;Flagge Team West&#8220; align=&#8220;center&#8220; _builder_version=&#8220;4.24.2&#8243; _module_preset=&#8220;default&#8220; custom_padding=&#8220;||0px|||&#8220; global_colors_info=&#8220;{}&#8220;][\/et_pb_image][\/et_pb_column][\/et_pb_row][\/et_pb_section]<\/p>\n","protected":false},"excerpt":{"rendered":"<p>Bestellungen sind noch bis 12.12.2025 m\u00f6glich. Eine sichere Lieferung zu Weihnachten, vorausgesetzt die Ware ist beim Gro\u00dfh\u00e4ndler verf\u00fcgbar, k\u00f6nnen wir aufgrund erh\u00f6hten Paketaufkommen bei DHL nicht gew\u00e4hrleisten.<\/p>\n","protected":false},"author":1,"featured_media":0,"parent":0,"menu_order":0,"comment_status":"closed","ping_status":"closed","template":"","meta":{"_et_pb_use_builder":"on","_et_pb_old_content":"<!-- wp:image {\"id\":6,\"sizeSlug\":\"large\",\"linkDestination\":\"none\"} -->\n<figure class=\"wp-block-image size-large\"><img src=\"https:\/\/sailingteam-west.shop\/wp-content\/uploads\/woocommerce-placeholder-1024x1024.png\" alt=\"\" class=\"wp-image-6\"\/><\/figure>\n<!-- \/wp:image -->","_et_gb_content_width":"","footnotes":""},"class_list":["post-438","page","type-page","status-publish","hentry"],"_links":{"self":[{"href":"https:\/\/sailingteam-west.shop\/index.php\/wp-json\/wp\/v2\/pages\/438","targetHints":{"allow":["GET"]}}],"collection":[{"href":"https:\/\/sailingteam-west.shop\/index.php\/wp-json\/wp\/v2\/pages"}],"about":[{"href":"https:\/\/sailingteam-west.shop\/index.php\/wp-json\/wp\/v2\/types\/page"}],"author":[{"embeddable":true,"href":"https:\/\/sailingteam-west.shop\/index.php\/wp-json\/wp\/v2\/users\/1"}],"replies":[{"embeddable":true,"href":"https:\/\/sailingteam-west.shop\/index.php\/wp-json\/wp\/v2\/comments?post=438"}],"version-history":[{"count":15,"href":"https:\/\/sailingteam-west.shop\/index.php\/wp-json\/wp\/v2\/pages\/438\/revisions"}],"predecessor-version":[{"id":1316,"href":"https:\/\/sailingteam-west.shop\/index.php\/wp-json\/wp\/v2\/pages\/438\/revisions\/1316"}],"wp:attachment":[{"href":"https:\/\/sailingteam-west.shop\/index.php\/wp-json\/wp\/v2\/media?parent=438"}],"curies":[{"name":"wp","href":"https:\/\/api.w.org\/{rel}","templated":true}]}}