{"id":804,"date":"2024-03-14T10:37:34","date_gmt":"2024-03-14T09:37:34","guid":{"rendered":"https:\/\/sailingteam-west.shop\/?page_id=804"},"modified":"2024-03-27T18:03:38","modified_gmt":"2024-03-27T17:03:38","slug":"pflegeanleitungen","status":"publish","type":"page","link":"https:\/\/sailingteam-west.shop\/index.php\/pflegeanleitungen\/","title":{"rendered":"Waschanleitung"},"content":{"rendered":"\n<p><\/p>\n\n\n\n<p>Du hast ein, oder auch mehrere, in Handarbeit bedruckte Textilien in unserem Shop erstanden. Damit Du lange Freude an den Sachen hast, ist es sinnvoll einige einfache Hinweise zum Reinigen zu beachten:<\/p>\n\n\n\n<ul class=\"wp-block-list\">\n<li>Textilien zur Schonung des Drucks immer auf links waschen<\/li>\n\n\n\n<li>Bei maximal 40\u00b0 C im normalen Waschprogramm mit farbschonenden Waschmitteln<\/li>\n\n\n\n<li>Weichsp\u00fcler k\u00f6nnen zum Abl\u00f6sen der Drucke f\u00fchren<\/li>\n\n\n\n<li>Niemals in den W\u00e4schetrockner! Die Drucke k\u00f6nnen sich l\u00f6sen und werden schneller br\u00fcchig<\/li>\n\n\n\n<li>B\u00fcgeln bitte auch nur auf links, da die Folien beim \u00fcberb\u00fcgeln schmelzen<\/li>\n\n\n\n<li>Die Textilien nicht zu kr\u00e4ftig dehnen, da die Drucke sonst schneller rei\u00dfen<\/li>\n<\/ul>\n\n\n\n<p>Wir hoffen, dass Ihr lange Freude an den Textilien habt. Sollte dennoch mal etwas nicht in Ordnung sein meldet Euch bitte. Es handelt sich um Handarbeit, da kann auch mal etwas schief gehen.<\/p>\n\n\n\n<p><\/p>\n\n\n\n<p><\/p>\n\n\n\n<p><\/p>\n","protected":false},"excerpt":{"rendered":"<p>Du hast ein, oder auch mehrere, in Handarbeit bedruckte Textilien in unserem Shop erstanden. Damit Du lange Freude an den Sachen hast, ist es sinnvoll einige einfache Hinweise zum Reinigen zu beachten: Wir hoffen, dass Ihr lange Freude an den Textilien habt. Sollte dennoch mal etwas nicht in Ordnung sein meldet Euch bitte. Es handelt [&hellip;]<\/p>\n","protected":false},"author":1,"featured_media":0,"parent":0,"menu_order":0,"comment_status":"closed","ping_status":"closed","template":"","meta":{"_et_pb_use_builder":"off","_et_pb_old_content":"","_et_gb_content_width":"","footnotes":""},"class_list":["post-804","page","type-page","status-publish","hentry"],"_links":{"self":[{"href":"https:\/\/sailingteam-west.shop\/index.php\/wp-json\/wp\/v2\/pages\/804","targetHints":{"allow":["GET"]}}],"collection":[{"href":"https:\/\/sailingteam-west.shop\/index.php\/wp-json\/wp\/v2\/pages"}],"about":[{"href":"https:\/\/sailingteam-west.shop\/index.php\/wp-json\/wp\/v2\/types\/page"}],"author":[{"embeddable":true,"href":"https:\/\/sailingteam-west.shop\/index.php\/wp-json\/wp\/v2\/users\/1"}],"replies":[{"embeddable":true,"href":"https:\/\/sailingteam-west.shop\/index.php\/wp-json\/wp\/v2\/comments?post=804"}],"version-history":[{"count":4,"href":"https:\/\/sailingteam-west.shop\/index.php\/wp-json\/wp\/v2\/pages\/804\/revisions"}],"predecessor-version":[{"id":972,"href":"https:\/\/sailingteam-west.shop\/index.php\/wp-json\/wp\/v2\/pages\/804\/revisions\/972"}],"wp:attachment":[{"href":"https:\/\/sailingteam-west.shop\/index.php\/wp-json\/wp\/v2\/media?parent=804"}],"curies":[{"name":"wp","href":"https:\/\/api.w.org\/{rel}","templated":true}]}}